{"id":1380,"date":"2023-04-23T12:33:36","date_gmt":"2023-04-23T12:33:36","guid":{"rendered":"http:\/\/ibaizabal.cvt.es\/profesional\/?page_id=1380"},"modified":"2023-06-07T07:31:08","modified_gmt":"2023-06-07T07:31:08","slug":"inicio","status":"publish","type":"page","link":"https:\/\/ibaizabalsaneamientos.com\/profesional\/","title":{"rendered":"Quienes Somos"},"content":{"rendered":"\n<div class=\"wp-block-citadela-blocks-custom-container citadela-block-custom-container size-content bg-type-color inside-space-none has-bg\" style=\"background-color:rgba(247, 247, 247, 1)\"><div class=\"inner-holder\" style=\"max-width:960px\"><div class=\"wp-block-image\">\n<figure class=\"alignright size-full is-resized\"><a href=\"https:\/\/www.cealsa.es\/tarifas\" target=\"_blank\" rel=\"noreferrer noopener\"><img loading=\"lazy\" decoding=\"async\" src=\"http:\/\/ibaizabal.cvt.es\/profesional\/wp-content\/uploads\/2023\/05\/cealsa.png\" alt=\"\" class=\"wp-image-1507\" width=\"147\" height=\"22\" srcset=\"https:\/\/ibaizabalsaneamientos.com\/profesional\/wp-content\/uploads\/2023\/05\/cealsa.png 588w, https:\/\/ibaizabalsaneamientos.com\/profesional\/wp-content\/uploads\/2023\/05\/cealsa-300x44.png 300w\" sizes=\"(max-width: 147px) 100vw, 147px\" \/><\/a><\/figure><\/div><\/div><\/div>\n\n\n\n<div class=\"wp-block-citadela-blocks-custom-container citadela-block-custom-container size-content bg-type-none inside-space-none\"><div class=\"inner-holder\">\n<div class=\"wp-block-cover alignfull is-light\"><span aria-hidden=\"true\" class=\"wp-block-cover__background has-background-dim-20 has-background-dim\"><\/span><img loading=\"lazy\" decoding=\"async\" width=\"1024\" height=\"473\" class=\"wp-block-cover__image-background wp-image-1368\" alt=\"\" src=\"http:\/\/ibaizabal.cvt.es\/profesional\/wp-content\/uploads\/2023\/04\/1-1024x473.jpg\" data-object-fit=\"cover\" srcset=\"https:\/\/ibaizabalsaneamientos.com\/profesional\/wp-content\/uploads\/2023\/04\/1-1024x473.jpg 1024w, https:\/\/ibaizabalsaneamientos.com\/profesional\/wp-content\/uploads\/2023\/04\/1-300x138.jpg 300w, https:\/\/ibaizabalsaneamientos.com\/profesional\/wp-content\/uploads\/2023\/04\/1-768x355.jpg 768w, https:\/\/ibaizabalsaneamientos.com\/profesional\/wp-content\/uploads\/2023\/04\/1.jpg 1406w\" sizes=\"(max-width: 1024px) 100vw, 1024px\" \/><div class=\"wp-block-cover__inner-container is-layout-flow wp-block-cover-is-layout-flow\">\n<p class=\"has-text-align-center has-large-font-size\"><\/p>\n\n\n\n<div style=\"height:179px\" aria-hidden=\"true\" class=\"wp-block-spacer\"><\/div>\n\n\n         <div \r\n            class=\"citadela-block-responsive-text weight-600 align-center\"\r\n                                 >\r\n            <p class=\"inner-tag\" style=\"font-family:'ABeeZee'; font-size: 40px; font-weight: 600; color: #f9f9f9;\"><strong>Empre<\/strong>sa dedicada al suministro de material para inst<strong>alaciones de Ba\u00f1o, Fontaner\u00eda, Calefacci\u00f3n<\/strong><\/p>         <\/div>\r\n      \n\n         <div \r\n            class=\"citadela-block-responsive-text align-center\"\r\n                                 >\r\n            <p class=\"inner-tag\" style=\"color: #ffffff;\">DESDE 1965&#8230;<\/p>         <\/div>\r\n      \n\n\n<div style=\"height:100px\" aria-hidden=\"true\" class=\"wp-block-spacer\"><\/div>\n\n\n\n<div class=\"wp-block-buttons is-content-justification-center is-layout-flex wp-container-core-buttons-layout-1 wp-block-buttons-is-layout-flex\">\n<div class=\"wp-block-button\"><a class=\"wp-block-button__link has-vivid-red-background-color has-background wp-element-button\" href=\"http:\/\/ibaizabal.cvt.es\/contactar\/\" target=\"_blank\" rel=\"noreferrer noopener\">M\u00e1s Informaci\u00f3n<\/a><\/div>\n\n\n\n<div class=\"wp-block-button\"><a class=\"wp-block-button__link has-vivid-red-background-color has-background wp-element-button\" href=\"tel:946730601\">Tfno: 946730601<\/a><\/div>\n\n\n\n<div class=\"wp-block-button\"><a class=\"wp-block-button__link has-vivid-red-background-color has-background wp-element-button\" href=\"http:\/\/ibaizabal.cvt.es\/contactar\/\" target=\"_blank\" rel=\"noreferrer noopener\">P\u00eddenos un Presupuesto<\/a><\/div>\n<\/div>\n<\/div><\/div>\n<\/div><\/div>\n\n\n\n<div style=\"height:43px\" aria-hidden=\"true\" class=\"wp-block-spacer\"><\/div>\n\n\n\n<div class=\"wp-block-group is-layout-constrained wp-block-group-is-layout-constrained\"><div class=\"wp-block-group__inner-container\"><h1 class=\"has-text-align-center wp-block-post-title has-x-large-font-size\">Quienes Somos<\/h1><\/div><\/div>\n\n\n\n<div class=\"wp-block-citadela-blocks-custom-container citadela-block-custom-container size-wide bg-type-none inside-space-none\"><div class=\"inner-holder\"><div class=\"wp-block-image\">\n<figure class=\"alignleft size-full is-resized\"><img loading=\"lazy\" decoding=\"async\" src=\"http:\/\/ibaizabal.cvt.es\/profesional\/wp-content\/uploads\/2023\/04\/logo2.png\" alt=\"\" class=\"wp-image-1364\" width=\"275\" height=\"55\"\/><\/figure><\/div>\n\n         <div \r\n            class=\"citadela-block-responsive-text align-left\"\r\n                                 >\r\n            <p class=\"inner-tag\" style=\"\">SANEAMIENTOS IBAIZABAL es una empresa familiar, constituida en el a\u00f1o 1986, aunque sus or\u00edgenes se remontan al a\u00f1o 1965. Por lo tanto cuenta con una larga trayectoria profesional.<br>Actualmente forma parte del grupo de almacenes CEALSA.<br>Tenemos como objetivo satisfacer y orientar a nuestros clientes mediante productos y servicios de calidad.<br>MISI\u00d3N: Nuestra misi\u00f3n principal, es ofrecer a nuestros clientes, todo tipo de productos relacionados con el saneamiento y la fontaner\u00eda, garantizando la calidad de nuestros productos y una efectiva y r\u00e1pida entrega de los mismos.<br>VISI\u00d3N: Tenemos como objetivo seguir ofreciendo productos innovadores y formaci\u00f3n sobre su utilizaci\u00f3n, buscando siempre garantizar la satisfacci\u00f3n de nuestros clientes.<br>VALORES: Mantenemos nuestros valores fundacionales: INNOVACI\u00d3N, PROFESIONALIDAD, CALIDAD, CONFIANZA Y COMPROMISO.<\/p>         <\/div>\r\n      <\/div><\/div>\n\n\n\n<div class=\"wp-block-group alignfull is-layout-constrained wp-block-group-is-layout-constrained\"><div class=\"wp-block-group__inner-container\">\r\n        <div \r\n            class=\"wp-block-citadela-blocks ctdl-directory-items-list layout-box size-small grid-type-1 image-size-citadela_item_thumbnail image-position-center-center default-image-height show-item-featured-image show-item-subtitle show-item-description show-item-web show-item-categories show-item-rating border-thin use-carousel carousel-navigation carousel-pagination loading-content\"\r\n                        \t\r\n                            data-carousel=\"{&quot;pagination&quot;:true,&quot;navigation&quot;:true,&quot;autoplay&quot;:true,&quot;autoHeight&quot;:false,&quot;autoplayDelay&quot;:5,&quot;loop&quot;:true}\"\r\n                        >\r\n            \r\n                            <div class=\"citadela-loader\">\r\n                    <div class=\"inner-wrapper\">\r\n                        <i class=\"fas fa-circle-notch fa-spin\"><\/i>\r\n                    <\/div>\r\n                <\/div>\r\n            \r\n            \r\n            <div class=\"citadela-block-articles swiper-container\">\r\n               \r\n                <div class=\"citadela-block-articles-wrap swiper-wrapper\">\r\n                \r\n<article class=\"citadela-article has-thumbnail has-description has-categories swiper-slide\">\r\n\r\n\t<div class=\"item-content\" style=\"\">\r\n\t\t\t\t<div class=\"item-thumbnail\" style=\"\">\r\n\t\t\t<a href=\"https:\/\/ibaizabalsaneamientos.com\/profesional\/item\/inodoro-meridian\/\">\r\n\t\t\t\t<img loading=\"lazy\" decoding=\"async\" \r\n\t\t\t\t\tclass=\"item-image\"\r\n                    src=\"https:\/\/ibaizabalsaneamientos.com\/profesional\/wp-content\/uploads\/2023\/05\/INODORO-MERIDIAN-COMPACTO-RIMLESS-SALIDA-DUAL-1-640x480.jpg\"\r\n                    width=\"640\"\r\n                    height=\"480\"\r\n                    srcset=\"https:\/\/ibaizabalsaneamientos.com\/profesional\/wp-content\/uploads\/2023\/05\/INODORO-MERIDIAN-COMPACTO-RIMLESS-SALIDA-DUAL-1-640x480.jpg 640w, https:\/\/ibaizabalsaneamientos.com\/profesional\/wp-content\/uploads\/2023\/05\/INODORO-MERIDIAN-COMPACTO-RIMLESS-SALIDA-DUAL-1-480x360.jpg 480w\"\r\n                    sizes=\"(max-width: 640px) 100vw, 640px\"\r\n                    alt=\"INODORO MERIDIAN\"\r\n                    style=\"\"                \/>\r\n\t\t\t<\/a>\r\n\t\t<\/div>\r\n\t\t\r\n\t\t<div class=\"item-body\">\r\n\t\t\t<div class=\"item-title\">\r\n\t\t\t\t<a href=\"https:\/\/ibaizabalsaneamientos.com\/profesional\/item\/inodoro-meridian\/\">\r\n\t\t\t\t\t<div class=\"item-title-wrap\">\r\n\t\t\t\t\t\t<div class=\"post-title\">INODORO MERIDIAN<\/div>\r\n\t\t\t\t\t\t\t\t\t\t\t<\/div>\r\n\t\t\t\t<\/a>\r\n\t\t\t<\/div>\r\n\t\t\t\r\n\t\t\t\r\n\t\t\t\t\t\t<div class=\"item-text\">\r\n\t\t\t\t<div class=\"item-description\">\r\n\t\t\t\t\t<p>INODORO MERIDIAN COMPACTO RIMLESS SALIDA DUAL<\/p>\r\n\t\t\t\t\t<a href=\"https:\/\/ibaizabalsaneamientos.com\/profesional\/item\/inodoro-meridian\/\" class=\"more\">Ver m\u00e1s<\/a>\r\n\t\t\t\t<\/div>\r\n\t\t\t<\/div>\r\n\t\t\t\t\t\t<div class=\"item-footer\" style=\"\">\r\n\t\t\t\t\t\t\t\t\t\t\t\t\t\t\t\t\t\t\t\t<div class=\"item-data categories\" style=\"\">\r\n\t\t\t\t\t<span class=\"label\">Categor\u00edas<\/span>\r\n\t\t\t\t\t<span class=\"values\">\r\n\t\t\t\t\t\t\t\t\t\t\t\t<a href=\"https:\/\/ibaizabalsaneamientos.com\/profesional\/cat\/inodoros\/\" class=\"value\" style=\"\">INODOROS<\/a>\r\n\t\t\t\t\t\t\t\t\t\t\t<\/span>\r\n\t\t\t\t<\/div>\r\n\t\t\t\t\t\t\t<\/div>\r\n\t\t<\/div>\r\n\t<\/div>\r\n\r\n<\/article>\r\n\r\n\r\n\r\n<article class=\"citadela-article has-thumbnail has-description has-categories swiper-slide\">\r\n\r\n\t<div class=\"item-content\" style=\"\">\r\n\t\t\t\t<div class=\"item-thumbnail\" style=\"\">\r\n\t\t\t<a href=\"https:\/\/ibaizabalsaneamientos.com\/profesional\/item\/mn-skyscrapers-business-center\/\">\r\n\t\t\t\t<img loading=\"lazy\" decoding=\"async\" \r\n\t\t\t\t\tclass=\"item-image\"\r\n                    src=\"https:\/\/ibaizabalsaneamientos.com\/profesional\/wp-content\/uploads\/2020\/01\/PACK-AEROTERMIA-GENIA-AIR-MAX-SET-8-CABLEADO-640x480.jpg\"\r\n                    width=\"640\"\r\n                    height=\"480\"\r\n                    srcset=\"https:\/\/ibaizabalsaneamientos.com\/profesional\/wp-content\/uploads\/2020\/01\/PACK-AEROTERMIA-GENIA-AIR-MAX-SET-8-CABLEADO-640x480.jpg 640w, https:\/\/ibaizabalsaneamientos.com\/profesional\/wp-content\/uploads\/2020\/01\/PACK-AEROTERMIA-GENIA-AIR-MAX-SET-8-CABLEADO-480x360.jpg 480w\"\r\n                    sizes=\"(max-width: 640px) 100vw, 640px\"\r\n                    alt=\"PACK AEROTERMIA\"\r\n                    style=\"\"                \/>\r\n\t\t\t<\/a>\r\n\t\t<\/div>\r\n\t\t\r\n\t\t<div class=\"item-body\">\r\n\t\t\t<div class=\"item-title\">\r\n\t\t\t\t<a href=\"https:\/\/ibaizabalsaneamientos.com\/profesional\/item\/mn-skyscrapers-business-center\/\">\r\n\t\t\t\t\t<div class=\"item-title-wrap\">\r\n\t\t\t\t\t\t<div class=\"post-title\">PACK AEROTERMIA<\/div>\r\n\t\t\t\t\t\t\t\t\t\t\t<\/div>\r\n\t\t\t\t<\/a>\r\n\t\t\t<\/div>\r\n\t\t\t\r\n\t\t\t\r\n\t\t\t\t\t\t<div class=\"item-text\">\r\n\t\t\t\t<div class=\"item-description\">\r\n\t\t\t\t\t<p>PACK AEROTERMIA GENIA AIR MAX SET 8 CABLEADO<\/p>\r\n\t\t\t\t\t<a href=\"https:\/\/ibaizabalsaneamientos.com\/profesional\/item\/mn-skyscrapers-business-center\/\" class=\"more\">Ver m\u00e1s<\/a>\r\n\t\t\t\t<\/div>\r\n\t\t\t<\/div>\r\n\t\t\t\t\t\t<div class=\"item-footer\" style=\"\">\r\n\t\t\t\t\t\t\t\t\t\t\t\t\t\t\t\t\t\t\t\t<div class=\"item-data categories\" style=\"\">\r\n\t\t\t\t\t<span class=\"label\">Categor\u00edas<\/span>\r\n\t\t\t\t\t<span class=\"values\">\r\n\t\t\t\t\t\t\t\t\t\t\t\t<a href=\"https:\/\/ibaizabalsaneamientos.com\/profesional\/cat\/aerotermia\/\" class=\"value\" style=\"\">AEROTERMIA<\/a>\r\n\t\t\t\t\t\t\t\t\t\t\t<\/span>\r\n\t\t\t\t<\/div>\r\n\t\t\t\t\t\t\t<\/div>\r\n\t\t<\/div>\r\n\t<\/div>\r\n\r\n<\/article>\r\n\r\n\r\n\r\n<article class=\"citadela-article has-thumbnail has-description has-categories swiper-slide\">\r\n\r\n\t<div class=\"item-content\" style=\"\">\r\n\t\t\t\t<div class=\"item-thumbnail\" style=\"\">\r\n\t\t\t<a href=\"https:\/\/ibaizabalsaneamientos.com\/profesional\/item\/west-town-center-shopping-building\/\">\r\n\t\t\t\t<img loading=\"lazy\" decoding=\"async\" \r\n\t\t\t\t\tclass=\"item-image\"\r\n                    src=\"https:\/\/ibaizabalsaneamientos.com\/profesional\/wp-content\/uploads\/2020\/01\/PANEL-AISLANTE-TERMOCONFORMADO-SD.png\"\r\n                    width=\"320\"\r\n                    height=\"287\"\r\n                    srcset=\"https:\/\/ibaizabalsaneamientos.com\/profesional\/wp-content\/uploads\/2020\/01\/PANEL-AISLANTE-TERMOCONFORMADO-SD.png 320w, https:\/\/ibaizabalsaneamientos.com\/profesional\/wp-content\/uploads\/2020\/01\/PANEL-AISLANTE-TERMOCONFORMADO-SD-300x269.png 300w\"\r\n                    sizes=\"(max-width: 320px) 100vw, 320px\"\r\n                    alt=\"PANEL AISLANTE\"\r\n                    style=\"\"                \/>\r\n\t\t\t<\/a>\r\n\t\t<\/div>\r\n\t\t\r\n\t\t<div class=\"item-body\">\r\n\t\t\t<div class=\"item-title\">\r\n\t\t\t\t<a href=\"https:\/\/ibaizabalsaneamientos.com\/profesional\/item\/west-town-center-shopping-building\/\">\r\n\t\t\t\t\t<div class=\"item-title-wrap\">\r\n\t\t\t\t\t\t<div class=\"post-title\">PANEL AISLANTE<\/div>\r\n\t\t\t\t\t\t\t\t\t\t\t<\/div>\r\n\t\t\t\t<\/a>\r\n\t\t\t<\/div>\r\n\t\t\t\r\n\t\t\t\r\n\t\t\t\t\t\t<div class=\"item-text\">\r\n\t\t\t\t<div class=\"item-description\">\r\n\t\t\t\t\t<p>PANEL AISLANTE TERMOCONFORMADO SD 1400x800x20\/42 mm ( 10 unidades ) 11,20 m2 SAUNIER DUVAL.<\/p>\r\n\t\t\t\t\t<a href=\"https:\/\/ibaizabalsaneamientos.com\/profesional\/item\/west-town-center-shopping-building\/\" class=\"more\">Ver m\u00e1s<\/a>\r\n\t\t\t\t<\/div>\r\n\t\t\t<\/div>\r\n\t\t\t\t\t\t<div class=\"item-footer\" style=\"\">\r\n\t\t\t\t\t\t\t\t\t\t\t\t\t\t\t\t\t\t\t\t<div class=\"item-data categories\" style=\"\">\r\n\t\t\t\t\t<span class=\"label\">Categor\u00edas<\/span>\r\n\t\t\t\t\t<span class=\"values\">\r\n\t\t\t\t\t\t\t\t\t\t\t\t<a href=\"https:\/\/ibaizabalsaneamientos.com\/profesional\/cat\/paneles-aislantes\/\" class=\"value\" style=\"\">PANELES AISLANTES<\/a>\r\n\t\t\t\t\t\t\t\t\t\t\t<\/span>\r\n\t\t\t\t<\/div>\r\n\t\t\t\t\t\t\t<\/div>\r\n\t\t<\/div>\r\n\t<\/div>\r\n\r\n<\/article>\r\n\r\n\r\n\r\n<article class=\"citadela-article has-thumbnail has-description has-categories swiper-slide\">\r\n\r\n\t<div class=\"item-content\" style=\"\">\r\n\t\t\t\t<div class=\"item-thumbnail\" style=\"\">\r\n\t\t\t<a href=\"https:\/\/ibaizabalsaneamientos.com\/profesional\/item\/spacious-house-for-big-family\/\">\r\n\t\t\t\t<img loading=\"lazy\" decoding=\"async\" \r\n\t\t\t\t\tclass=\"item-image\"\r\n                    src=\"https:\/\/ibaizabalsaneamientos.com\/profesional\/wp-content\/uploads\/2020\/01\/CALDERA-BOSCH-CONDENSACION-MURAL-CONDENS-C4300i-W-2425-1-640x480.jpg\"\r\n                    width=\"640\"\r\n                    height=\"480\"\r\n                    srcset=\"https:\/\/ibaizabalsaneamientos.com\/profesional\/wp-content\/uploads\/2020\/01\/CALDERA-BOSCH-CONDENSACION-MURAL-CONDENS-C4300i-W-2425-1-640x480.jpg 640w, https:\/\/ibaizabalsaneamientos.com\/profesional\/wp-content\/uploads\/2020\/01\/CALDERA-BOSCH-CONDENSACION-MURAL-CONDENS-C4300i-W-2425-1-480x360.jpg 480w\"\r\n                    sizes=\"(max-width: 640px) 100vw, 640px\"\r\n                    alt=\"CALDERA BOSCH\"\r\n                    style=\"\"                \/>\r\n\t\t\t<\/a>\r\n\t\t<\/div>\r\n\t\t\r\n\t\t<div class=\"item-body\">\r\n\t\t\t<div class=\"item-title\">\r\n\t\t\t\t<a href=\"https:\/\/ibaizabalsaneamientos.com\/profesional\/item\/spacious-house-for-big-family\/\">\r\n\t\t\t\t\t<div class=\"item-title-wrap\">\r\n\t\t\t\t\t\t<div class=\"post-title\">CALDERA BOSCH<\/div>\r\n\t\t\t\t\t\t\t\t\t\t\t<\/div>\r\n\t\t\t\t<\/a>\r\n\t\t\t<\/div>\r\n\t\t\t\r\n\t\t\t\r\n\t\t\t\t\t\t<div class=\"item-text\">\r\n\t\t\t\t<div class=\"item-description\">\r\n\t\t\t\t\t<p>CALDERA BOSCH CONDENSACION MURAL CONDENS C4300i W 24\/25 G.NAT.eeAAXL<\/p>\r\n\t\t\t\t\t<a href=\"https:\/\/ibaizabalsaneamientos.com\/profesional\/item\/spacious-house-for-big-family\/\" class=\"more\">Ver m\u00e1s<\/a>\r\n\t\t\t\t<\/div>\r\n\t\t\t<\/div>\r\n\t\t\t\t\t\t<div class=\"item-footer\" style=\"\">\r\n\t\t\t\t\t\t\t\t\t\t\t\t\t\t\t\t\t\t\t\t<div class=\"item-data categories\" style=\"\">\r\n\t\t\t\t\t<span class=\"label\">Categor\u00edas<\/span>\r\n\t\t\t\t\t<span class=\"values\">\r\n\t\t\t\t\t\t\t\t\t\t\t\t<a href=\"https:\/\/ibaizabalsaneamientos.com\/profesional\/cat\/calderas\/\" class=\"value\" style=\"\">CALDERAS<\/a>\r\n\t\t\t\t\t\t\t\t\t\t\t<\/span>\r\n\t\t\t\t<\/div>\r\n\t\t\t\t\t\t\t<\/div>\r\n\t\t<\/div>\r\n\t<\/div>\r\n\r\n<\/article>\r\n\r\n\r\n\r\n<article class=\"citadela-article has-thumbnail has-description has-categories swiper-slide\">\r\n\r\n\t<div class=\"item-content\" style=\"\">\r\n\t\t\t\t<div class=\"item-thumbnail\" style=\"\">\r\n\t\t\t<a href=\"https:\/\/ibaizabalsaneamientos.com\/profesional\/item\/termochimenea-de-lena\/\">\r\n\t\t\t\t<img loading=\"lazy\" decoding=\"async\" \r\n\t\t\t\t\tclass=\"item-image\"\r\n                    src=\"https:\/\/ibaizabalsaneamientos.com\/profesional\/wp-content\/uploads\/2020\/01\/TERMOCHIMENEA-DE-LENA-H2-OCEANO-16-KW-EDILKAMIN.jpg\"\r\n                    width=\"480\"\r\n                    height=\"480\"\r\n                    srcset=\"https:\/\/ibaizabalsaneamientos.com\/profesional\/wp-content\/uploads\/2020\/01\/TERMOCHIMENEA-DE-LENA-H2-OCEANO-16-KW-EDILKAMIN.jpg 480w, https:\/\/ibaizabalsaneamientos.com\/profesional\/wp-content\/uploads\/2020\/01\/TERMOCHIMENEA-DE-LENA-H2-OCEANO-16-KW-EDILKAMIN-300x300.jpg 300w, https:\/\/ibaizabalsaneamientos.com\/profesional\/wp-content\/uploads\/2020\/01\/TERMOCHIMENEA-DE-LENA-H2-OCEANO-16-KW-EDILKAMIN-150x150.jpg 150w\"\r\n                    sizes=\"(max-width: 480px) 100vw, 480px\"\r\n                    alt=\"TERMOCHIMENEA DE LE\u00d1A\"\r\n                    style=\"\"                \/>\r\n\t\t\t<\/a>\r\n\t\t<\/div>\r\n\t\t\r\n\t\t<div class=\"item-body\">\r\n\t\t\t<div class=\"item-title\">\r\n\t\t\t\t<a href=\"https:\/\/ibaizabalsaneamientos.com\/profesional\/item\/termochimenea-de-lena\/\">\r\n\t\t\t\t\t<div class=\"item-title-wrap\">\r\n\t\t\t\t\t\t<div class=\"post-title\">TERMOCHIMENEA DE LE\u00d1A<\/div>\r\n\t\t\t\t\t\t\t\t\t\t\t<\/div>\r\n\t\t\t\t<\/a>\r\n\t\t\t<\/div>\r\n\t\t\t\r\n\t\t\t\r\n\t\t\t\t\t\t<div class=\"item-text\">\r\n\t\t\t\t<div class=\"item-description\">\r\n\t\t\t\t\t<p>TERMOCHIMENEA DE LE\u00d1A H2 OCEANO 16 KW EDILKAMIN<\/p>\r\n\t\t\t\t\t<a href=\"https:\/\/ibaizabalsaneamientos.com\/profesional\/item\/termochimenea-de-lena\/\" class=\"more\">Ver m\u00e1s<\/a>\r\n\t\t\t\t<\/div>\r\n\t\t\t<\/div>\r\n\t\t\t\t\t\t<div class=\"item-footer\" style=\"\">\r\n\t\t\t\t\t\t\t\t\t\t\t\t\t\t\t\t\t\t\t\t<div class=\"item-data categories\" style=\"\">\r\n\t\t\t\t\t<span class=\"label\">Categor\u00edas<\/span>\r\n\t\t\t\t\t<span class=\"values\">\r\n\t\t\t\t\t\t\t\t\t\t\t\t<a href=\"https:\/\/ibaizabalsaneamientos.com\/profesional\/cat\/chimeneas\/\" class=\"value\" style=\"\">CHIMENEAS<\/a>\r\n\t\t\t\t\t\t\t\t\t\t\t<\/span>\r\n\t\t\t\t<\/div>\r\n\t\t\t\t\t\t\t<\/div>\r\n\t\t<\/div>\r\n\t<\/div>\r\n\r\n<\/article>\r\n\r\n\r\n                <\/div>\r\n                \r\n                \r\n            <\/div>\r\n            \r\n                                                <div class=\"carousel-navigation-wrapper\" >\r\n                        <div class=\"carousel-button-prev\"><i class=\"fas fa-chevron-left\"><\/i><\/div>\r\n                        <div class=\"carousel-button-next\"><i class=\"fas fa-chevron-right\"><\/i><\/div>\r\n                    <\/div>\r\n                                                    <div class=\"carousel-pagination-wrapper\" ><\/div>\r\n                \r\n                        \r\n        <\/div>\r\n        <\/div><\/div>\n","protected":false},"excerpt":{"rendered":"","protected":false},"author":1,"featured_media":0,"parent":0,"menu_order":0,"comment_status":"closed","ping_status":"closed","template":"","meta":{"footnotes":"","_citadela_hide_page_title":"1","_citadela_remove_header_space":"1","_citadela_custom_class":"","_citadela_half_map_provider":"","_citadela_half_map_theme":"","_citadela_half_map_themeOSM":"","_citadela_half_map_customTheme":"","_citadela_half_map_dataType":"","_citadela_half_map_dynamicTrack":false,"_citadela_half_map_trackColor":"","_citadela_half_map_trackEndpointsColor":"","_citadela_half_map_filterCategory":"","_citadela_half_map_filterLocation":"","_citadela_half_map_filterFeatured":false,"_citadela_half_map_noDataBehavior":"empty-map","_citadela_half_map_noDataText":"","_citadela_half_map_clusterGridSize":80,"_citadela_header":true,"_citadela_header_over_content":false,"_citadela_header_text_color":"","_citadela_header_logo":[],"_citadela_header_bg_image":[],"_citadela_header_bg_position":{"x":0.5,"y":0.5},"_citadela_header_bg_size":"cover","_citadela_header_bg_repeat":"no-repeat","_citadela_header_bg_fixed":false,"_citadela_header_bg_color":"rgba(247, 247, 247, 1)","_citadela_header_bg_image_overlay":"","_citadela_header_transparent_bg":false,"_citadela_content_width":"","_citadela_half_layout_position":""},"_links":{"self":[{"href":"https:\/\/ibaizabalsaneamientos.com\/profesional\/wp-json\/wp\/v2\/pages\/1380"}],"collection":[{"href":"https:\/\/ibaizabalsaneamientos.com\/profesional\/wp-json\/wp\/v2\/pages"}],"about":[{"href":"https:\/\/ibaizabalsaneamientos.com\/profesional\/wp-json\/wp\/v2\/types\/page"}],"author":[{"embeddable":true,"href":"https:\/\/ibaizabalsaneamientos.com\/profesional\/wp-json\/wp\/v2\/users\/1"}],"replies":[{"embeddable":true,"href":"https:\/\/ibaizabalsaneamientos.com\/profesional\/wp-json\/wp\/v2\/comments?post=1380"}],"version-history":[{"count":44,"href":"https:\/\/ibaizabalsaneamientos.com\/profesional\/wp-json\/wp\/v2\/pages\/1380\/revisions"}],"predecessor-version":[{"id":1546,"href":"https:\/\/ibaizabalsaneamientos.com\/profesional\/wp-json\/wp\/v2\/pages\/1380\/revisions\/1546"}],"wp:attachment":[{"href":"https:\/\/ibaizabalsaneamientos.com\/profesional\/wp-json\/wp\/v2\/media?parent=1380"}],"curies":[{"name":"wp","href":"https:\/\/api.w.org\/{rel}","templated":true}]}}